{"id":3623,"date":"2024-09-30T08:33:59","date_gmt":"2024-09-30T08:33:59","guid":{"rendered":"https:\/\/luxuryvillasalt.com\/kontakt\/"},"modified":"2026-01-17T21:47:37","modified_gmt":"2026-01-17T21:47:37","slug":"kontakt","status":"publish","type":"page","link":"https:\/\/luxuryvillasalt.com\/hr\/kontakt\/","title":{"rendered":"Kontakt"},"content":{"rendered":"\t\t<div data-elementor-type=\"wp-page\" data-elementor-id=\"3623\" class=\"elementor elementor-3623 elementor-2598\">\n\t\t\t\t\t\t<section class=\"elementor-section elementor-top-section elementor-element elementor-element-ca1656d elementor-section-height-min-height cs-section-content-fullwidth cs-parallax-on-scroll cs_scroll_y_100 elementor-section-boxed elementor-section-height-default elementor-section-items-middle\" data-id=\"ca1656d\" data-element_type=\"section\" data-settings=\"{&quot;background_background&quot;:&quot;classic&quot;}\" data-cs-parallax-y=\"100\" style=\"background-image: none;\" data-cs-background-image=\"https:\/\/luxuryvillasalt.com\/wp-content\/uploads\/2024\/09\/slano199-scaled.jpg\">\n\t\t\t\t\t\t\t<div class=\"elementor-background-overlay\"><\/div>\n\t\t\t\t\t\t\t<div class=\"elementor-container elementor-column-gap-no\">\n\t\t\t\t\t<div class=\"elementor-column elementor-col-100 elementor-top-column elementor-element elementor-element-6b2c1df dark-color\" data-id=\"6b2c1df\" data-element_type=\"column\">\n\t\t\t<div class=\"elementor-widget-wrap elementor-element-populated\">\n\t\t\t\t\t\t<div class=\"elementor-element elementor-element-ed3f97e elementor-widget elementor-widget-cs_title\" data-id=\"ed3f97e\" data-element_type=\"widget\" data-widget_type=\"cs_title.default\">\n\t\t\t\t<div class=\"elementor-widget-container\">\n\t\t\t\t\t\n        <div class=\"cs-title-wrap text-center\">\t            <div class=\"cs-subtitle-wrap\"><span class=\"cs-subtitle color-white\">Pove\u017eite se s nama<\/span><\/div>\t            <h1 class=\"cs-title\">\n\t                Kontaktirajte nas\t            <\/h1>\t            <div class=\"cs-title-text\">\n\t                <p>Za rezervacije i upite, nazovite nas ili nam pi\u0161ite.<\/p>\t            <\/div>        <\/div>\t\t\t\t<\/div>\n\t\t\t\t<\/div>\n\t\t\t\t\t<\/div>\n\t\t<\/div>\n\t\t\t\t\t<\/div>\n\t\t<\/section>\n\t\t\t\t<section class=\"elementor-section elementor-top-section elementor-element elementor-element-ac9ba41 elementor-section-full_width elementor-section-content-middle elementor-section-height-default elementor-section-height-default\" data-id=\"ac9ba41\" data-element_type=\"section\">\n\t\t\t\t\t\t<div class=\"elementor-container elementor-column-gap-no\">\n\t\t\t\t\t<div class=\"elementor-column elementor-col-50 elementor-top-column elementor-element elementor-element-a9f3bc2\" data-id=\"a9f3bc2\" data-element_type=\"column\">\n\t\t\t<div class=\"elementor-widget-wrap elementor-element-populated\">\n\t\t\t\t\t\t<div class=\"elementor-element elementor-element-d6a0979 elementor-widget elementor-widget-cs_title\" data-id=\"d6a0979\" data-element_type=\"widget\" data-widget_type=\"cs_title.default\">\n\t\t\t\t<div class=\"elementor-widget-container\">\n\t\t\t\t\t\n        <div class=\"cs-title-wrap\">\t            <div class=\"cs-subtitle-wrap\"><span class=\"cs-subtitle\">Podaci za kontakt<\/span><\/div>\t            <h5 class=\"cs-title\">\n\t                Luksuzna Villa Salt\t            <\/h5>\t            <div class=\"cs-title-text\">\n\t                <p>Grguri\u0107i 92a, Dubrova\u010dko Primorje 20232<br> Dubrovnik, Hrvatska<\/p><p><strong>Broj telefona:<\/strong> <a href=\"http:\/\/+385921558058\" data-wplink-url-error=\"true\"><span style=\"font-weight: 400;\">+385921558058<\/span><\/a><br> <strong>E-po\u0161ta:<\/strong> <a href=\"mailto:luxuryvillasalt@gmail.com\">luxuryvillasalt@gmail.com<\/a><\/p>\t            <\/div>        <\/div>\t\t\t\t<\/div>\n\t\t\t\t<\/div>\n\t\t\t\t<div class=\"elementor-element elementor-element-af980d8 elementor-widget elementor-widget-google_maps\" data-id=\"af980d8\" data-element_type=\"widget\" data-widget_type=\"google_maps.default\">\n\t\t\t\t<div class=\"elementor-widget-container\">\n\t\t\t\t\t\t\t<div class=\"elementor-custom-embed\">\n\t\t\t<iframe loading=\"lazy\"\n\t\t\t\t\tsrc=\"https:\/\/maps.google.com\/maps?q=Luxury%20Villa%20Salt%2C%20&#038;t=m&#038;z=10&#038;output=embed&#038;iwloc=near\"\n\t\t\t\t\ttitle=\"Luxury Villa Salt, \"\n\t\t\t\t\taria-label=\"Luxury Villa Salt, \"\n\t\t\t><\/iframe>\n\t\t<\/div>\n\t\t\t\t\t\t<\/div>\n\t\t\t\t<\/div>\n\t\t\t\t\t<\/div>\n\t\t<\/div>\n\t\t\t\t<div class=\"elementor-column elementor-col-50 elementor-top-column elementor-element elementor-element-a630739\" data-id=\"a630739\" data-element_type=\"column\" data-settings=\"{&quot;background_background&quot;:&quot;classic&quot;}\">\n\t\t\t<div class=\"elementor-widget-wrap elementor-element-populated\">\n\t\t\t\t\t\t<div class=\"elementor-element elementor-element-ee636a2 elementor-widget elementor-widget-cs_title\" data-id=\"ee636a2\" data-element_type=\"widget\" data-widget_type=\"cs_title.default\">\n\t\t\t\t<div class=\"elementor-widget-container\">\n\t\t\t\t\t\n        <div class=\"cs-title-wrap text-center\">\t            <div class=\"cs-subtitle-wrap\"><span class=\"cs-subtitle\">Kontakt obrazac<\/span><\/div>\t            <h5 class=\"cs-title\">\n\t                Zapo\u010dnimo razgovor\t            <\/h5>        <\/div>\t\t\t\t<\/div>\n\t\t\t\t<\/div>\n\t\t\t\t<div class=\"elementor-element elementor-element-9515814 elementor-widget elementor-widget-shortcode\" data-id=\"9515814\" data-element_type=\"widget\" data-widget_type=\"shortcode.default\">\n\t\t\t\t<div class=\"elementor-widget-container\">\n\t\t\t\t\t\t\t<div class=\"elementor-shortcode\"><style id=\"wpforms-css-vars-4063\">\n\t\t\t\t#wpforms-4063 {\n\t\t\t\t--wpforms-container-padding: 0px;\n--wpforms-container-border-width: 1px;\n--wpforms-container-border-radius: 3px;\n--wpforms-background-color: rgba(0, 0, 0, 0);\n--wpforms-field-size-input-height: 43px;\n--wpforms-field-size-input-spacing: 15px;\n--wpforms-field-size-font-size: 16px;\n--wpforms-field-size-line-height: 19px;\n--wpforms-field-size-padding-h: 14px;\n--wpforms-field-size-checkbox-size: 16px;\n--wpforms-field-size-sublabel-spacing: 5px;\n--wpforms-field-size-icon-size: 1;\n--wpforms-label-size-font-size: 16px;\n--wpforms-label-size-line-height: 19px;\n--wpforms-label-size-sublabel-font-size: 14px;\n--wpforms-label-size-sublabel-line-height: 17px;\n--wpforms-button-size-font-size: 17px;\n--wpforms-button-size-height: 41px;\n--wpforms-button-size-padding-h: 15px;\n--wpforms-button-size-margin-top: 10px;\n--wpforms-container-shadow-size-box-shadow: none;\n\t\t\t}\n\t\t\t<\/style><div class=\"wpforms-container wpforms-container-full wpforms-render-modern\" id=\"wpforms-4063\"><form id=\"wpforms-form-4063\" class=\"wpforms-validate wpforms-form wpforms-ajax-form\" data-formid=\"4063\" method=\"post\" enctype=\"multipart\/form-data\" action=\"\/hr\/wp-json\/wp\/v2\/pages\/3623\" data-token=\"33d6341dd034272ce732ae58455a2634\" data-token-time=\"1776382841\"><noscript class=\"wpforms-error-noscript\">Please enable JavaScript in your browser to complete this form.<\/noscript><div id=\"wpforms-error-noscript\" style=\"display: none;\">Please enable JavaScript in your browser to complete this form.<\/div><div class=\"wpforms-field-container\">\t\t<div id=\"wpforms-4063-field_4-container\"\n\t\t\tclass=\"wpforms-field wpforms-field-text\"\n\t\t\tdata-field-type=\"text\"\n\t\t\tdata-field-id=\"4\"\n\t\t\t>\n\t\t\t<label class=\"wpforms-field-label\" for=\"wpforms-4063-field_4\" >Ime Poruka Email<\/label>\n\t\t\t<input type=\"text\" id=\"wpforms-4063-field_4\" class=\"wpforms-field-medium\" name=\"wpforms[fields][4]\" >\n\t\t<\/div>\n\t\t<div id=\"wpforms-4063-field_1-container\" class=\"wpforms-field wpforms-field-name\" data-field-id=\"1\"><label class=\"wpforms-field-label\" for=\"wpforms-4063-field_1\">Ime <span class=\"wpforms-required-label\" aria-hidden=\"true\">*<\/span><\/label><input type=\"text\" id=\"wpforms-4063-field_1\" class=\"wpforms-field-medium wpforms-field-required\" name=\"wpforms[fields][1]\" aria-errormessage=\"wpforms-4063-field_1-error\" required><\/div><div id=\"wpforms-4063-field_2-container\" class=\"wpforms-field wpforms-field-email\" data-field-id=\"2\"><label class=\"wpforms-field-label\" for=\"wpforms-4063-field_2\">Email <span class=\"wpforms-required-label\" aria-hidden=\"true\">*<\/span><\/label><input type=\"email\" id=\"wpforms-4063-field_2\" class=\"wpforms-field-medium wpforms-field-required\" name=\"wpforms[fields][2]\" spellcheck=\"false\" aria-errormessage=\"wpforms-4063-field_2-error\" required><\/div><div id=\"wpforms-4063-field_3-container\" class=\"wpforms-field wpforms-field-textarea\" data-field-id=\"3\"><label class=\"wpforms-field-label\" for=\"wpforms-4063-field_3\">Poruka<\/label><textarea id=\"wpforms-4063-field_3\" class=\"wpforms-field-medium\" name=\"wpforms[fields][3]\" aria-errormessage=\"wpforms-4063-field_3-error\" ><\/textarea><\/div><script>\n\t\t\t\t( function() {\n\t\t\t\t\tconst style = document.createElement( 'style' );\n\t\t\t\t\tstyle.appendChild( document.createTextNode( '#wpforms-4063-field_4-container { position: absolute !important; overflow: hidden !important; display: inline !important; height: 1px !important; width: 1px !important; z-index: -1000 !important; padding: 0 !important; } #wpforms-4063-field_4-container input { visibility: hidden; } #wpforms-conversational-form-page #wpforms-4063-field_4-container label { counter-increment: none; }' ) );\n\t\t\t\t\tdocument.head.appendChild( style );\n\t\t\t\t\tdocument.currentScript?.remove();\n\t\t\t\t} )();\n\t\t\t<\/script><\/div><!-- .wpforms-field-container --><div class=\"wpforms-recaptcha-container wpforms-is-recaptcha wpforms-is-recaptcha-type-v2\" ><div class=\"g-recaptcha\" data-sitekey=\"6LebDU4sAAAAAOJJIscElhqPOUU5QqCQNmfufvv7\"><\/div><input type=\"text\" name=\"g-recaptcha-hidden\" class=\"wpforms-recaptcha-hidden\" style=\"position:absolute!important;clip:rect(0,0,0,0)!important;height:1px!important;width:1px!important;border:0!important;overflow:hidden!important;padding:0!important;margin:0!important;\" data-rule-recaptcha=\"1\"><\/div><div class=\"wpforms-submit-container\" ><input type=\"hidden\" name=\"wpforms[id]\" value=\"4063\"><input type=\"hidden\" name=\"page_title\" value=\"\"><input type=\"hidden\" name=\"page_url\" value=\"https:\/\/luxuryvillasalt.com\/hr\/wp-json\/wp\/v2\/pages\/3623\"><input type=\"hidden\" name=\"url_referer\" value=\"\"><button type=\"submit\" name=\"wpforms[submit]\" id=\"wpforms-submit-4063\" class=\"wpforms-submit\" data-alt-text=\"Sending...\" data-submit-text=\"Posalji\" aria-live=\"assertive\" value=\"wpforms-submit\">Posalji<\/button><img decoding=\"async\" src=\"https:\/\/luxuryvillasalt.com\/wp-content\/plugins\/wpforms-lite\/assets\/images\/submit-spin.svg\" class=\"wpforms-submit-spinner\" style=\"display: none;\" width=\"26\" height=\"26\" alt=\"Loading\"><\/div><\/form><\/div>  <!-- .wpforms-container --><\/div>\n\t\t\t\t\t\t<\/div>\n\t\t\t\t<\/div>\n\t\t\t\t\t<\/div>\n\t\t<\/div>\n\t\t\t\t\t<\/div>\n\t\t<\/section>\n\t\t\t\t<\/div>\n\t\t","protected":false},"excerpt":{"rendered":"<p>Pove\u017eite se s nama Kontaktirajte nas Za rezervacije i upite, nazovite nas ili nam pi\u0161ite. Podaci za kontakt Luksuzna Villa Salt Grguri\u0107i 92a, Dubrova\u010dko Primorje 20232 Dubrovnik, Hrvatska Broj telefona: +385921558058 E-po\u0161ta: luxuryvillasalt@gmail.com Kontakt obrazac Zapo\u010dnimo razgovor<\/p>\n","protected":false},"author":1,"featured_media":0,"parent":0,"menu_order":0,"comment_status":"closed","ping_status":"closed","template":"template-wide-content.php","meta":{"cozystay_single_page_hide_site_header":"","cozystay_single_page_site_header_source":"","cozystay_single_page_custom_site_header":"0","cozystay_single_page_custom_sticky_site_header":"0","cozystay_single_page_hide_page_title":"","cozystay_single_page_header_section_size":"","cozystay_single_page_header_background_color":"","cozystay_single_page_header_background_position_x":"center","cozystay_single_page_header_background_position_y":"center","cozystay_single_page_header_background_size":"cover","cozystay_single_page_header_background_repeat":"off","cozystay_single_page_header_background_scroll":"on","cozystay_single_page_header_text_color":"","cozystay_single_page_header_show_breadcrumb":"","cozystay_single_page_site_footer_hide_main":"","cozystay_single_custom_site_footer_main_source":"","cozystay_single_custom_site_footer_main":"0","cozystay_single_page_site_footer_hide_above":"","cozystay_single_custom_site_footer_above_source":"","cozystay_single_custom_site_footer_above":"0","cozystay_single_page_site_footer_hide_instagram":"","cozystay_single_page_site_footer_hide_bottom":"","cozystay_single_custom_mobile_menu_source":"","cozystay_single_custom_mobile_menu":"0","cozystay_single_custom_mobile_menu_animation":"","cozystay_single_custom_mobile_menu_width":"","cozystay_single_custom_mobile_menu_custom_width":375,"footnotes":""},"class_list":["post-3623","page","type-page","status-publish","hentry"],"yoast_head":"<!-- This site is optimized with the Yoast SEO plugin v26.7 - https:\/\/yoast.com\/wordpress\/plugins\/seo\/ -->\n<title>Kontakt - Villa Luxury Salt<\/title>\n<meta name=\"robots\" content=\"index, follow, max-snippet:-1, max-image-preview:large, max-video-preview:-1\" \/>\n<link rel=\"canonical\" href=\"https:\/\/luxuryvillasalt.com\/hr\/kontakt\/\" \/>\n<meta property=\"og:locale\" content=\"hr_HR\" \/>\n<meta property=\"og:type\" content=\"article\" \/>\n<meta property=\"og:title\" content=\"Kontakt - Villa Luxury Salt\" \/>\n<meta property=\"og:description\" content=\"Pove\u017eite se s nama Kontaktirajte nas Za rezervacije i upite, nazovite nas ili nam pi\u0161ite. Podaci za kontakt Luksuzna Villa Salt Grguri\u0107i 92a, Dubrova\u010dko Primorje 20232 Dubrovnik, Hrvatska Broj telefona: +385921558058 E-po\u0161ta: luxuryvillasalt@gmail.com Kontakt obrazac Zapo\u010dnimo razgovor\" \/>\n<meta property=\"og:url\" content=\"https:\/\/luxuryvillasalt.com\/hr\/kontakt\/\" \/>\n<meta property=\"og:site_name\" content=\"Villa Luxury Salt\" \/>\n<meta property=\"article:modified_time\" content=\"2026-01-17T21:47:37+00:00\" \/>\n<meta name=\"twitter:card\" content=\"summary_large_image\" \/>\n<meta name=\"twitter:label1\" content=\"Procijenjeno vrijeme \u010ditanja\" \/>\n\t<meta name=\"twitter:data1\" content=\"1 minuta\" \/>\n<script type=\"application\/ld+json\" class=\"yoast-schema-graph\">{\"@context\":\"https:\/\/schema.org\",\"@graph\":[{\"@type\":\"WebPage\",\"@id\":\"https:\/\/luxuryvillasalt.com\/hr\/kontakt\/\",\"url\":\"https:\/\/luxuryvillasalt.com\/hr\/kontakt\/\",\"name\":\"Kontakt - Villa Luxury Salt\",\"isPartOf\":{\"@id\":\"https:\/\/luxuryvillasalt.com\/hr\/#website\"},\"datePublished\":\"2024-09-30T08:33:59+00:00\",\"dateModified\":\"2026-01-17T21:47:37+00:00\",\"breadcrumb\":{\"@id\":\"https:\/\/luxuryvillasalt.com\/hr\/kontakt\/#breadcrumb\"},\"inLanguage\":\"hr\",\"potentialAction\":[{\"@type\":\"ReadAction\",\"target\":[\"https:\/\/luxuryvillasalt.com\/hr\/kontakt\/\"]}]},{\"@type\":\"BreadcrumbList\",\"@id\":\"https:\/\/luxuryvillasalt.com\/hr\/kontakt\/#breadcrumb\",\"itemListElement\":[{\"@type\":\"ListItem\",\"position\":1,\"name\":\"Home\",\"item\":\"https:\/\/luxuryvillasalt.com\/hr\/\"},{\"@type\":\"ListItem\",\"position\":2,\"name\":\"Kontakt\"}]},{\"@type\":\"WebSite\",\"@id\":\"https:\/\/luxuryvillasalt.com\/hr\/#website\",\"url\":\"https:\/\/luxuryvillasalt.com\/hr\/\",\"name\":\"Villa Luxury Salt\",\"description\":\"Dubrovnik\",\"publisher\":{\"@id\":\"https:\/\/luxuryvillasalt.com\/hr\/#organization\"},\"potentialAction\":[{\"@type\":\"SearchAction\",\"target\":{\"@type\":\"EntryPoint\",\"urlTemplate\":\"https:\/\/luxuryvillasalt.com\/hr\/?s={search_term_string}\"},\"query-input\":{\"@type\":\"PropertyValueSpecification\",\"valueRequired\":true,\"valueName\":\"search_term_string\"}}],\"inLanguage\":\"hr\"},{\"@type\":\"Organization\",\"@id\":\"https:\/\/luxuryvillasalt.com\/hr\/#organization\",\"name\":\"Villa Luxury Salt\",\"url\":\"https:\/\/luxuryvillasalt.com\/hr\/\",\"logo\":{\"@type\":\"ImageObject\",\"inLanguage\":\"hr\",\"@id\":\"https:\/\/luxuryvillasalt.com\/hr\/#\/schema\/logo\/image\/\",\"url\":\"https:\/\/luxuryvillasalt.com\/wp-content\/uploads\/2023\/03\/SALT_LOGO_PDF-1.png\",\"contentUrl\":\"https:\/\/luxuryvillasalt.com\/wp-content\/uploads\/2023\/03\/SALT_LOGO_PDF-1.png\",\"width\":1653,\"height\":968,\"caption\":\"Villa Luxury Salt\"},\"image\":{\"@id\":\"https:\/\/luxuryvillasalt.com\/hr\/#\/schema\/logo\/image\/\"},\"sameAs\":[\"https:\/\/www.instagram.com\/luxury_villa_salt_2023\/?igsh=aXl4ZWxiMjN2amdh\"]}]}<\/script>\n<!-- \/ Yoast SEO plugin. -->","yoast_head_json":{"title":"Kontakt - Villa Luxury Salt","robots":{"index":"index","follow":"follow","max-snippet":"max-snippet:-1","max-image-preview":"max-image-preview:large","max-video-preview":"max-video-preview:-1"},"canonical":"https:\/\/luxuryvillasalt.com\/hr\/kontakt\/","og_locale":"hr_HR","og_type":"article","og_title":"Kontakt - Villa Luxury Salt","og_description":"Pove\u017eite se s nama Kontaktirajte nas Za rezervacije i upite, nazovite nas ili nam pi\u0161ite. Podaci za kontakt Luksuzna Villa Salt Grguri\u0107i 92a, Dubrova\u010dko Primorje 20232 Dubrovnik, Hrvatska Broj telefona: +385921558058 E-po\u0161ta: luxuryvillasalt@gmail.com Kontakt obrazac Zapo\u010dnimo razgovor","og_url":"https:\/\/luxuryvillasalt.com\/hr\/kontakt\/","og_site_name":"Villa Luxury Salt","article_modified_time":"2026-01-17T21:47:37+00:00","twitter_card":"summary_large_image","twitter_misc":{"Procijenjeno vrijeme \u010ditanja":"1 minuta"},"schema":{"@context":"https:\/\/schema.org","@graph":[{"@type":"WebPage","@id":"https:\/\/luxuryvillasalt.com\/hr\/kontakt\/","url":"https:\/\/luxuryvillasalt.com\/hr\/kontakt\/","name":"Kontakt - Villa Luxury Salt","isPartOf":{"@id":"https:\/\/luxuryvillasalt.com\/hr\/#website"},"datePublished":"2024-09-30T08:33:59+00:00","dateModified":"2026-01-17T21:47:37+00:00","breadcrumb":{"@id":"https:\/\/luxuryvillasalt.com\/hr\/kontakt\/#breadcrumb"},"inLanguage":"hr","potentialAction":[{"@type":"ReadAction","target":["https:\/\/luxuryvillasalt.com\/hr\/kontakt\/"]}]},{"@type":"BreadcrumbList","@id":"https:\/\/luxuryvillasalt.com\/hr\/kontakt\/#breadcrumb","itemListElement":[{"@type":"ListItem","position":1,"name":"Home","item":"https:\/\/luxuryvillasalt.com\/hr\/"},{"@type":"ListItem","position":2,"name":"Kontakt"}]},{"@type":"WebSite","@id":"https:\/\/luxuryvillasalt.com\/hr\/#website","url":"https:\/\/luxuryvillasalt.com\/hr\/","name":"Villa Luxury Salt","description":"Dubrovnik","publisher":{"@id":"https:\/\/luxuryvillasalt.com\/hr\/#organization"},"potentialAction":[{"@type":"SearchAction","target":{"@type":"EntryPoint","urlTemplate":"https:\/\/luxuryvillasalt.com\/hr\/?s={search_term_string}"},"query-input":{"@type":"PropertyValueSpecification","valueRequired":true,"valueName":"search_term_string"}}],"inLanguage":"hr"},{"@type":"Organization","@id":"https:\/\/luxuryvillasalt.com\/hr\/#organization","name":"Villa Luxury Salt","url":"https:\/\/luxuryvillasalt.com\/hr\/","logo":{"@type":"ImageObject","inLanguage":"hr","@id":"https:\/\/luxuryvillasalt.com\/hr\/#\/schema\/logo\/image\/","url":"https:\/\/luxuryvillasalt.com\/wp-content\/uploads\/2023\/03\/SALT_LOGO_PDF-1.png","contentUrl":"https:\/\/luxuryvillasalt.com\/wp-content\/uploads\/2023\/03\/SALT_LOGO_PDF-1.png","width":1653,"height":968,"caption":"Villa Luxury Salt"},"image":{"@id":"https:\/\/luxuryvillasalt.com\/hr\/#\/schema\/logo\/image\/"},"sameAs":["https:\/\/www.instagram.com\/luxury_villa_salt_2023\/?igsh=aXl4ZWxiMjN2amdh"]}]}},"_links":{"self":[{"href":"https:\/\/luxuryvillasalt.com\/hr\/wp-json\/wp\/v2\/pages\/3623","targetHints":{"allow":["GET"]}}],"collection":[{"href":"https:\/\/luxuryvillasalt.com\/hr\/wp-json\/wp\/v2\/pages"}],"about":[{"href":"https:\/\/luxuryvillasalt.com\/hr\/wp-json\/wp\/v2\/types\/page"}],"author":[{"embeddable":true,"href":"https:\/\/luxuryvillasalt.com\/hr\/wp-json\/wp\/v2\/users\/1"}],"replies":[{"embeddable":true,"href":"https:\/\/luxuryvillasalt.com\/hr\/wp-json\/wp\/v2\/comments?post=3623"}],"version-history":[{"count":5,"href":"https:\/\/luxuryvillasalt.com\/hr\/wp-json\/wp\/v2\/pages\/3623\/revisions"}],"predecessor-version":[{"id":4070,"href":"https:\/\/luxuryvillasalt.com\/hr\/wp-json\/wp\/v2\/pages\/3623\/revisions\/4070"}],"wp:attachment":[{"href":"https:\/\/luxuryvillasalt.com\/hr\/wp-json\/wp\/v2\/media?parent=3623"}],"curies":[{"name":"wp","href":"https:\/\/api.w.org\/{rel}","templated":true}]}}