{"id":3873,"date":"2024-12-09T12:28:02","date_gmt":"2024-12-09T12:28:02","guid":{"rendered":"https:\/\/luxuryvillasalt.com\/plaze\/"},"modified":"2025-02-28T08:29:01","modified_gmt":"2025-02-28T08:29:01","slug":"plaze","status":"publish","type":"page","link":"https:\/\/luxuryvillasalt.com\/hr\/plaze\/","title":{"rendered":"Pla\u017ee"},"content":{"rendered":"\t\t<div data-elementor-type=\"wp-page\" data-elementor-id=\"3873\" class=\"elementor elementor-3873 elementor-3018\">\n\t\t\t\t\t\t<section class=\"elementor-section elementor-top-section elementor-element elementor-element-a97905d elementor-section-height-min-height cs-section-content-fullwidth cs-parallax-on-scroll cs_scroll_y_100 elementor-section-boxed elementor-section-height-default elementor-section-items-middle\" data-id=\"a97905d\" data-element_type=\"section\" data-settings=\"{&quot;background_background&quot;:&quot;classic&quot;}\" data-cs-parallax-y=\"100\" style=\"background-image: none;\" data-cs-background-image=\"https:\/\/luxuryvillasalt.com\/wp-content\/uploads\/2024\/12\/budima-banici-beach.png\">\n\t\t\t\t\t\t\t<div class=\"elementor-background-overlay\"><\/div>\n\t\t\t\t\t\t\t<div class=\"elementor-container elementor-column-gap-no\">\n\t\t\t\t\t<div class=\"elementor-column elementor-col-100 elementor-top-column elementor-element elementor-element-de70886 dark-color\" data-id=\"de70886\" data-element_type=\"column\">\n\t\t\t<div class=\"elementor-widget-wrap elementor-element-populated\">\n\t\t\t\t\t\t<div class=\"elementor-element elementor-element-3eab04e elementor-widget elementor-widget-cs_title\" data-id=\"3eab04e\" data-element_type=\"widget\" data-widget_type=\"cs_title.default\">\n\t\t\t\t<div class=\"elementor-widget-container\">\n\t\t\t\t\t\n        <div class=\"cs-title-wrap text-center\">\t            <h1 class=\"cs-title\">\n\t                Pla\u017ee\t            <\/h1>        <\/div>\t\t\t\t<\/div>\n\t\t\t\t<\/div>\n\t\t\t\t\t<\/div>\n\t\t<\/div>\n\t\t\t\t\t<\/div>\n\t\t<\/section>\n\t\t<div class=\"elementor-element elementor-element-ab01b66 e-flex e-con-boxed e-con e-parent\" data-id=\"ab01b66\" data-element_type=\"container\">\n\t\t\t\t\t<div class=\"e-con-inner\">\n\t\t<div class=\"elementor-element elementor-element-ce7dcd4 e-con-full e-flex e-con e-child\" data-id=\"ce7dcd4\" data-element_type=\"container\">\n\t\t\t\t<div class=\"elementor-element elementor-element-bba458d elementor-widget elementor-widget-image\" data-id=\"bba458d\" data-element_type=\"widget\" data-widget_type=\"image.default\">\n\t\t\t\t<div class=\"elementor-widget-container\">\n\t\t\t\t\t\t\t\t\t\t\t\t\t\t\t<img fetchpriority=\"high\" decoding=\"async\" width=\"1024\" height=\"774\" src=\"https:\/\/luxuryvillasalt.com\/wp-content\/uploads\/2024\/12\/budima-banici-beach-1024x774.png\" class=\"attachment-large size-large wp-image-3579\" alt=\"\" srcset=\"https:\/\/luxuryvillasalt.com\/wp-content\/uploads\/2024\/12\/budima-banici-beach-1024x774.png 1024w, https:\/\/luxuryvillasalt.com\/wp-content\/uploads\/2024\/12\/budima-banici-beach-300x227.png 300w, https:\/\/luxuryvillasalt.com\/wp-content\/uploads\/2024\/12\/budima-banici-beach-768x580.png 768w, https:\/\/luxuryvillasalt.com\/wp-content\/uploads\/2024\/12\/budima-banici-beach-780x589.png 780w, https:\/\/luxuryvillasalt.com\/wp-content\/uploads\/2024\/12\/budima-banici-beach-600x453.png 600w, https:\/\/luxuryvillasalt.com\/wp-content\/uploads\/2024\/12\/budima-banici-beach-550x416.png 550w, https:\/\/luxuryvillasalt.com\/wp-content\/uploads\/2024\/12\/budima-banici-beach-370x280.png 370w, https:\/\/luxuryvillasalt.com\/wp-content\/uploads\/2024\/12\/budima-banici-beach-255x193.png 255w, https:\/\/luxuryvillasalt.com\/wp-content\/uploads\/2024\/12\/budima-banici-beach.png 1072w\" sizes=\"(max-width: 1024px) 100vw, 1024px\" \/>\t\t\t\t\t\t\t\t\t\t\t\t\t\t\t<\/div>\n\t\t\t\t<\/div>\n\t\t\t\t<div class=\"elementor-element elementor-element-35ab113 elementor-widget elementor-widget-text-editor\" data-id=\"35ab113\" data-element_type=\"widget\" data-widget_type=\"text-editor.default\">\n\t\t\t\t<div class=\"elementor-widget-container\">\n\t\t\t\t\t\t\t\t\t<p>Budima Pla\u017ea (Bani\u0107i)<\/p>\t\t\t\t\t\t\t\t<\/div>\n\t\t\t\t<\/div>\n\t\t\t\t<div class=\"elementor-element elementor-element-2ae7249 elementor-widget elementor-widget-image\" data-id=\"2ae7249\" data-element_type=\"widget\" data-widget_type=\"image.default\">\n\t\t\t\t<div class=\"elementor-widget-container\">\n\t\t\t\t\t\t\t\t\t\t\t\t\t\t\t<img decoding=\"async\" width=\"1024\" height=\"768\" src=\"https:\/\/luxuryvillasalt.com\/wp-content\/uploads\/2025\/01\/grgurici-beach-1024x768.jpg\" class=\"attachment-large size-large wp-image-3605\" alt=\"\" srcset=\"https:\/\/luxuryvillasalt.com\/wp-content\/uploads\/2025\/01\/grgurici-beach-1024x768.jpg 1024w, https:\/\/luxuryvillasalt.com\/wp-content\/uploads\/2025\/01\/grgurici-beach-300x225.jpg 300w, https:\/\/luxuryvillasalt.com\/wp-content\/uploads\/2025\/01\/grgurici-beach-768x576.jpg 768w, https:\/\/luxuryvillasalt.com\/wp-content\/uploads\/2025\/01\/grgurici-beach-1536x1152.jpg 1536w, https:\/\/luxuryvillasalt.com\/wp-content\/uploads\/2025\/01\/grgurici-beach-1440x1080.jpg 1440w, https:\/\/luxuryvillasalt.com\/wp-content\/uploads\/2025\/01\/grgurici-beach-1200x900.jpg 1200w, https:\/\/luxuryvillasalt.com\/wp-content\/uploads\/2025\/01\/grgurici-beach-780x585.jpg 780w, https:\/\/luxuryvillasalt.com\/wp-content\/uploads\/2025\/01\/grgurici-beach-600x450.jpg 600w, https:\/\/luxuryvillasalt.com\/wp-content\/uploads\/2025\/01\/grgurici-beach-550x413.jpg 550w, https:\/\/luxuryvillasalt.com\/wp-content\/uploads\/2025\/01\/grgurici-beach-370x278.jpg 370w, https:\/\/luxuryvillasalt.com\/wp-content\/uploads\/2025\/01\/grgurici-beach-255x191.jpg 255w, https:\/\/luxuryvillasalt.com\/wp-content\/uploads\/2025\/01\/grgurici-beach.jpg 1920w\" sizes=\"(max-width: 1024px) 100vw, 1024px\" \/>\t\t\t\t\t\t\t\t\t\t\t\t\t\t\t<\/div>\n\t\t\t\t<\/div>\n\t\t\t\t<div class=\"elementor-element elementor-element-84608d6 elementor-widget elementor-widget-text-editor\" data-id=\"84608d6\" data-element_type=\"widget\" data-widget_type=\"text-editor.default\">\n\t\t\t\t<div class=\"elementor-widget-container\">\n\t\t\t\t\t\t\t\t\t<p>Grguri\u0107i Pla\u017ea<\/p>\t\t\t\t\t\t\t\t<\/div>\n\t\t\t\t<\/div>\n\t\t\t\t<div class=\"elementor-element elementor-element-2353cac elementor-widget elementor-widget-image\" data-id=\"2353cac\" data-element_type=\"widget\" data-widget_type=\"image.default\">\n\t\t\t\t<div class=\"elementor-widget-container\">\n\t\t\t\t\t\t\t\t\t\t\t\t\t\t\t<img decoding=\"async\" width=\"1021\" height=\"680\" src=\"https:\/\/luxuryvillasalt.com\/wp-content\/uploads\/2025\/01\/admiral-beach.jpg\" class=\"attachment-large size-large wp-image-3607\" alt=\"\" srcset=\"https:\/\/luxuryvillasalt.com\/wp-content\/uploads\/2025\/01\/admiral-beach.jpg 1021w, https:\/\/luxuryvillasalt.com\/wp-content\/uploads\/2025\/01\/admiral-beach-300x200.jpg 300w, https:\/\/luxuryvillasalt.com\/wp-content\/uploads\/2025\/01\/admiral-beach-768x511.jpg 768w, https:\/\/luxuryvillasalt.com\/wp-content\/uploads\/2025\/01\/admiral-beach-780x519.jpg 780w, https:\/\/luxuryvillasalt.com\/wp-content\/uploads\/2025\/01\/admiral-beach-600x400.jpg 600w, https:\/\/luxuryvillasalt.com\/wp-content\/uploads\/2025\/01\/admiral-beach-550x366.jpg 550w, https:\/\/luxuryvillasalt.com\/wp-content\/uploads\/2025\/01\/admiral-beach-370x246.jpg 370w, https:\/\/luxuryvillasalt.com\/wp-content\/uploads\/2025\/01\/admiral-beach-255x170.jpg 255w\" sizes=\"(max-width: 1021px) 100vw, 1021px\" \/>\t\t\t\t\t\t\t\t\t\t\t\t\t\t\t<\/div>\n\t\t\t\t<\/div>\n\t\t\t\t<div class=\"elementor-element elementor-element-e564733 elementor-widget elementor-widget-text-editor\" data-id=\"e564733\" data-element_type=\"widget\" data-widget_type=\"text-editor.default\">\n\t\t\t\t<div class=\"elementor-widget-container\">\n\t\t\t\t\t\t\t\t\t<p>ADMIRAL GRAND HOTEL Pla\u017ea<\/p>\t\t\t\t\t\t\t\t<\/div>\n\t\t\t\t<\/div>\n\t\t\t\t<div class=\"elementor-element elementor-element-2169ce4 elementor-widget elementor-widget-image\" data-id=\"2169ce4\" data-element_type=\"widget\" data-widget_type=\"image.default\">\n\t\t\t\t<div class=\"elementor-widget-container\">\n\t\t\t\t\t\t\t\t\t\t\t\t\t\t\t<img loading=\"lazy\" decoding=\"async\" width=\"1024\" height=\"761\" src=\"https:\/\/luxuryvillasalt.com\/wp-content\/uploads\/2025\/01\/osmine-1024x761.jpg\" class=\"attachment-large size-large wp-image-3610\" alt=\"\" srcset=\"https:\/\/luxuryvillasalt.com\/wp-content\/uploads\/2025\/01\/osmine-1024x761.jpg 1024w, https:\/\/luxuryvillasalt.com\/wp-content\/uploads\/2025\/01\/osmine-300x223.jpg 300w, https:\/\/luxuryvillasalt.com\/wp-content\/uploads\/2025\/01\/osmine-768x571.jpg 768w, https:\/\/luxuryvillasalt.com\/wp-content\/uploads\/2025\/01\/osmine-780x580.jpg 780w, https:\/\/luxuryvillasalt.com\/wp-content\/uploads\/2025\/01\/osmine-600x446.jpg 600w, https:\/\/luxuryvillasalt.com\/wp-content\/uploads\/2025\/01\/osmine-550x409.jpg 550w, https:\/\/luxuryvillasalt.com\/wp-content\/uploads\/2025\/01\/osmine-370x275.jpg 370w, https:\/\/luxuryvillasalt.com\/wp-content\/uploads\/2025\/01\/osmine-255x190.jpg 255w, https:\/\/luxuryvillasalt.com\/wp-content\/uploads\/2025\/01\/osmine.jpg 1095w\" sizes=\"(max-width: 1024px) 100vw, 1024px\" \/>\t\t\t\t\t\t\t\t\t\t\t\t\t\t\t<\/div>\n\t\t\t\t<\/div>\n\t\t\t\t<div class=\"elementor-element elementor-element-d3a1764 elementor-widget elementor-widget-text-editor\" data-id=\"d3a1764\" data-element_type=\"widget\" data-widget_type=\"text-editor.default\">\n\t\t\t\t<div class=\"elementor-widget-container\">\n\t\t\t\t\t\t\t\t\t<p>Hotel Osmine Pla\u017ea<\/p>\t\t\t\t\t\t\t\t<\/div>\n\t\t\t\t<\/div>\n\t\t\t\t<\/div>\n\t\t<div class=\"elementor-element elementor-element-480f265 e-con-full e-flex e-con e-child\" data-id=\"480f265\" data-element_type=\"container\">\n\t\t\t\t<div class=\"elementor-element elementor-element-4ab6dfe elementor-widget elementor-widget-image\" data-id=\"4ab6dfe\" data-element_type=\"widget\" data-widget_type=\"image.default\">\n\t\t\t\t<div class=\"elementor-widget-container\">\n\t\t\t\t\t\t\t\t\t\t\t\t\t\t\t<img loading=\"lazy\" decoding=\"async\" width=\"1024\" height=\"736\" src=\"https:\/\/luxuryvillasalt.com\/wp-content\/uploads\/2024\/12\/kosmatovica-beach-1024x736.png\" class=\"attachment-large size-large wp-image-3588\" alt=\"\" srcset=\"https:\/\/luxuryvillasalt.com\/wp-content\/uploads\/2024\/12\/kosmatovica-beach-1024x736.png 1024w, https:\/\/luxuryvillasalt.com\/wp-content\/uploads\/2024\/12\/kosmatovica-beach-300x216.png 300w, https:\/\/luxuryvillasalt.com\/wp-content\/uploads\/2024\/12\/kosmatovica-beach-768x552.png 768w, https:\/\/luxuryvillasalt.com\/wp-content\/uploads\/2024\/12\/kosmatovica-beach-780x561.png 780w, https:\/\/luxuryvillasalt.com\/wp-content\/uploads\/2024\/12\/kosmatovica-beach-600x431.png 600w, https:\/\/luxuryvillasalt.com\/wp-content\/uploads\/2024\/12\/kosmatovica-beach-550x395.png 550w, https:\/\/luxuryvillasalt.com\/wp-content\/uploads\/2024\/12\/kosmatovica-beach-370x266.png 370w, https:\/\/luxuryvillasalt.com\/wp-content\/uploads\/2024\/12\/kosmatovica-beach-255x183.png 255w, https:\/\/luxuryvillasalt.com\/wp-content\/uploads\/2024\/12\/kosmatovica-beach.png 1109w\" sizes=\"(max-width: 1024px) 100vw, 1024px\" \/>\t\t\t\t\t\t\t\t\t\t\t\t\t\t\t<\/div>\n\t\t\t\t<\/div>\n\t\t\t\t<div class=\"elementor-element elementor-element-4fe0846 elementor-widget elementor-widget-text-editor\" data-id=\"4fe0846\" data-element_type=\"widget\" data-widget_type=\"text-editor.default\">\n\t\t\t\t<div class=\"elementor-widget-container\">\n\t\t\t\t\t\t\t\t\t<p>Kosmatovica Pla\u017ea<\/p>\t\t\t\t\t\t\t\t<\/div>\n\t\t\t\t<\/div>\n\t\t\t\t<div class=\"elementor-element elementor-element-1a9ecb2 elementor-widget elementor-widget-image\" data-id=\"1a9ecb2\" data-element_type=\"widget\" data-widget_type=\"image.default\">\n\t\t\t\t<div class=\"elementor-widget-container\">\n\t\t\t\t\t\t\t\t\t\t\t\t\t\t\t<img loading=\"lazy\" decoding=\"async\" width=\"1024\" height=\"770\" src=\"https:\/\/luxuryvillasalt.com\/wp-content\/uploads\/2025\/01\/banja-beach.jpg\" class=\"attachment-large size-large wp-image-3606\" alt=\"\" srcset=\"https:\/\/luxuryvillasalt.com\/wp-content\/uploads\/2025\/01\/banja-beach.jpg 1024w, https:\/\/luxuryvillasalt.com\/wp-content\/uploads\/2025\/01\/banja-beach-300x226.jpg 300w, https:\/\/luxuryvillasalt.com\/wp-content\/uploads\/2025\/01\/banja-beach-768x578.jpg 768w, https:\/\/luxuryvillasalt.com\/wp-content\/uploads\/2025\/01\/banja-beach-780x587.jpg 780w, https:\/\/luxuryvillasalt.com\/wp-content\/uploads\/2025\/01\/banja-beach-600x451.jpg 600w, https:\/\/luxuryvillasalt.com\/wp-content\/uploads\/2025\/01\/banja-beach-550x414.jpg 550w, https:\/\/luxuryvillasalt.com\/wp-content\/uploads\/2025\/01\/banja-beach-370x278.jpg 370w, https:\/\/luxuryvillasalt.com\/wp-content\/uploads\/2025\/01\/banja-beach-255x192.jpg 255w\" sizes=\"(max-width: 1024px) 100vw, 1024px\" \/>\t\t\t\t\t\t\t\t\t\t\t\t\t\t\t<\/div>\n\t\t\t\t<\/div>\n\t\t\t\t<div class=\"elementor-element elementor-element-b6351e4 elementor-widget elementor-widget-text-editor\" data-id=\"b6351e4\" data-element_type=\"widget\" data-widget_type=\"text-editor.default\">\n\t\t\t\t<div class=\"elementor-widget-container\">\n\t\t\t\t\t\t\t\t\t<p>Banja Pla\u017ea<\/p>\t\t\t\t\t\t\t\t<\/div>\n\t\t\t\t<\/div>\n\t\t\t\t<div class=\"elementor-element elementor-element-3398469 elementor-widget elementor-widget-image\" data-id=\"3398469\" data-element_type=\"widget\" data-widget_type=\"image.default\">\n\t\t\t\t<div class=\"elementor-widget-container\">\n\t\t\t\t\t\t\t\t\t\t\t\t\t\t\t<img loading=\"lazy\" decoding=\"async\" width=\"1024\" height=\"745\" src=\"https:\/\/luxuryvillasalt.com\/wp-content\/uploads\/2025\/01\/sladjenovici-1024x745.jpg\" class=\"attachment-large size-large wp-image-3608\" alt=\"\" srcset=\"https:\/\/luxuryvillasalt.com\/wp-content\/uploads\/2025\/01\/sladjenovici-1024x745.jpg 1024w, https:\/\/luxuryvillasalt.com\/wp-content\/uploads\/2025\/01\/sladjenovici-300x218.jpg 300w, https:\/\/luxuryvillasalt.com\/wp-content\/uploads\/2025\/01\/sladjenovici-768x558.jpg 768w, https:\/\/luxuryvillasalt.com\/wp-content\/uploads\/2025\/01\/sladjenovici-780x567.jpg 780w, https:\/\/luxuryvillasalt.com\/wp-content\/uploads\/2025\/01\/sladjenovici-600x436.jpg 600w, https:\/\/luxuryvillasalt.com\/wp-content\/uploads\/2025\/01\/sladjenovici-550x400.jpg 550w, https:\/\/luxuryvillasalt.com\/wp-content\/uploads\/2025\/01\/sladjenovici-370x269.jpg 370w, https:\/\/luxuryvillasalt.com\/wp-content\/uploads\/2025\/01\/sladjenovici-255x185.jpg 255w, https:\/\/luxuryvillasalt.com\/wp-content\/uploads\/2025\/01\/sladjenovici.jpg 1081w\" sizes=\"(max-width: 1024px) 100vw, 1024px\" \/>\t\t\t\t\t\t\t\t\t\t\t\t\t\t\t<\/div>\n\t\t\t\t<\/div>\n\t\t\t\t<div class=\"elementor-element elementor-element-c214e84 elementor-widget elementor-widget-text-editor\" data-id=\"c214e84\" data-element_type=\"widget\" data-widget_type=\"text-editor.default\">\n\t\t\t\t<div class=\"elementor-widget-container\">\n\t\t\t\t\t\t\t\t\t<p>Sla\u0111enovi\u0107i Pla\u017ea<\/p>\t\t\t\t\t\t\t\t<\/div>\n\t\t\t\t<\/div>\n\t\t\t\t<div class=\"elementor-element elementor-element-4536295 elementor-widget elementor-widget-image\" data-id=\"4536295\" data-element_type=\"widget\" data-widget_type=\"image.default\">\n\t\t\t\t<div class=\"elementor-widget-container\">\n\t\t\t\t\t\t\t\t\t\t\t\t\t\t\t<img loading=\"lazy\" decoding=\"async\" width=\"1024\" height=\"759\" src=\"https:\/\/luxuryvillasalt.com\/wp-content\/uploads\/2025\/01\/doli-1024x759.jpg\" class=\"attachment-large size-large wp-image-3609\" alt=\"\" srcset=\"https:\/\/luxuryvillasalt.com\/wp-content\/uploads\/2025\/01\/doli-1024x759.jpg 1024w, https:\/\/luxuryvillasalt.com\/wp-content\/uploads\/2025\/01\/doli-300x222.jpg 300w, https:\/\/luxuryvillasalt.com\/wp-content\/uploads\/2025\/01\/doli-768x569.jpg 768w, https:\/\/luxuryvillasalt.com\/wp-content\/uploads\/2025\/01\/doli-780x578.jpg 780w, https:\/\/luxuryvillasalt.com\/wp-content\/uploads\/2025\/01\/doli-600x445.jpg 600w, https:\/\/luxuryvillasalt.com\/wp-content\/uploads\/2025\/01\/doli-550x408.jpg 550w, https:\/\/luxuryvillasalt.com\/wp-content\/uploads\/2025\/01\/doli-370x274.jpg 370w, https:\/\/luxuryvillasalt.com\/wp-content\/uploads\/2025\/01\/doli-255x189.jpg 255w, https:\/\/luxuryvillasalt.com\/wp-content\/uploads\/2025\/01\/doli.jpg 1040w\" sizes=\"(max-width: 1024px) 100vw, 1024px\" \/>\t\t\t\t\t\t\t\t\t\t\t\t\t\t\t<\/div>\n\t\t\t\t<\/div>\n\t\t\t\t<div class=\"elementor-element elementor-element-422c182 elementor-widget elementor-widget-text-editor\" data-id=\"422c182\" data-element_type=\"widget\" data-widget_type=\"text-editor.default\">\n\t\t\t\t<div class=\"elementor-widget-container\">\n\t\t\t\t\t\t\t\t\t<p>Doli Pla\u017ea<\/p>\t\t\t\t\t\t\t\t<\/div>\n\t\t\t\t<\/div>\n\t\t\t\t<\/div>\n\t\t\t\t\t<\/div>\n\t\t\t\t<\/div>\n\t\t\t\t<\/div>\n\t\t","protected":false},"excerpt":{"rendered":"<p>Pla\u017ee Budima Pla\u017ea (Bani\u0107i) Grguri\u0107i Pla\u017ea ADMIRAL GRAND HOTEL Pla\u017ea Hotel Osmine Pla\u017ea Kosmatovica Pla\u017ea Banja Pla\u017ea Sla\u0111enovi\u0107i Pla\u017ea Doli Pla\u017ea<\/p>\n","protected":false},"author":1,"featured_media":0,"parent":0,"menu_order":0,"comment_status":"closed","ping_status":"closed","template":"template-wide-content.php","meta":{"cozystay_single_page_hide_site_header":"","cozystay_single_page_site_header_source":"","cozystay_single_page_custom_site_header":"0","cozystay_single_page_custom_sticky_site_header":"0","cozystay_single_page_hide_page_title":"","cozystay_single_page_header_section_size":"","cozystay_single_page_header_background_color":"","cozystay_single_page_header_background_position_x":"center","cozystay_single_page_header_background_position_y":"center","cozystay_single_page_header_background_size":"cover","cozystay_single_page_header_background_repeat":"off","cozystay_single_page_header_background_scroll":"on","cozystay_single_page_header_text_color":"","cozystay_single_page_header_show_breadcrumb":"","cozystay_single_page_site_footer_hide_main":"","cozystay_single_custom_site_footer_main_source":"","cozystay_single_custom_site_footer_main":"0","cozystay_single_page_site_footer_hide_above":"","cozystay_single_custom_site_footer_above_source":"","cozystay_single_custom_site_footer_above":"0","cozystay_single_page_site_footer_hide_instagram":"","cozystay_single_page_site_footer_hide_bottom":"","cozystay_single_custom_mobile_menu_source":"","cozystay_single_custom_mobile_menu":"0","cozystay_single_custom_mobile_menu_animation":"","cozystay_single_custom_mobile_menu_width":"","cozystay_single_custom_mobile_menu_custom_width":375,"footnotes":""},"class_list":["post-3873","page","type-page","status-publish","hentry"],"yoast_head":"<!-- This site is optimized with the Yoast SEO plugin v26.7 - https:\/\/yoast.com\/wordpress\/plugins\/seo\/ -->\n<title>Pla\u017ee - Villa Luxury Salt<\/title>\n<meta name=\"robots\" content=\"index, follow, max-snippet:-1, max-image-preview:large, max-video-preview:-1\" \/>\n<link rel=\"canonical\" href=\"https:\/\/luxuryvillasalt.com\/hr\/plaze\/\" \/>\n<meta property=\"og:locale\" content=\"hr_HR\" \/>\n<meta property=\"og:type\" content=\"article\" \/>\n<meta property=\"og:title\" content=\"Pla\u017ee - Villa Luxury Salt\" \/>\n<meta property=\"og:description\" content=\"Pla\u017ee Budima Pla\u017ea (Bani\u0107i) Grguri\u0107i Pla\u017ea ADMIRAL GRAND HOTEL Pla\u017ea Hotel Osmine Pla\u017ea Kosmatovica Pla\u017ea Banja Pla\u017ea Sla\u0111enovi\u0107i Pla\u017ea Doli Pla\u017ea\" \/>\n<meta property=\"og:url\" content=\"https:\/\/luxuryvillasalt.com\/hr\/plaze\/\" \/>\n<meta property=\"og:site_name\" content=\"Villa Luxury Salt\" \/>\n<meta property=\"article:modified_time\" content=\"2025-02-28T08:29:01+00:00\" \/>\n<meta property=\"og:image\" content=\"https:\/\/luxuryvillasalt.com\/wp-content\/uploads\/2024\/12\/budima-banici-beach-1024x774.png\" \/>\n<meta name=\"twitter:card\" content=\"summary_large_image\" \/>\n<script type=\"application\/ld+json\" class=\"yoast-schema-graph\">{\"@context\":\"https:\/\/schema.org\",\"@graph\":[{\"@type\":\"WebPage\",\"@id\":\"https:\/\/luxuryvillasalt.com\/hr\/plaze\/\",\"url\":\"https:\/\/luxuryvillasalt.com\/hr\/plaze\/\",\"name\":\"Pla\u017ee - Villa Luxury Salt\",\"isPartOf\":{\"@id\":\"https:\/\/luxuryvillasalt.com\/hr\/#website\"},\"primaryImageOfPage\":{\"@id\":\"https:\/\/luxuryvillasalt.com\/hr\/plaze\/#primaryimage\"},\"image\":{\"@id\":\"https:\/\/luxuryvillasalt.com\/hr\/plaze\/#primaryimage\"},\"thumbnailUrl\":\"https:\/\/luxuryvillasalt.com\/wp-content\/uploads\/2024\/12\/budima-banici-beach-1024x774.png\",\"datePublished\":\"2024-12-09T12:28:02+00:00\",\"dateModified\":\"2025-02-28T08:29:01+00:00\",\"breadcrumb\":{\"@id\":\"https:\/\/luxuryvillasalt.com\/hr\/plaze\/#breadcrumb\"},\"inLanguage\":\"hr\",\"potentialAction\":[{\"@type\":\"ReadAction\",\"target\":[\"https:\/\/luxuryvillasalt.com\/hr\/plaze\/\"]}]},{\"@type\":\"ImageObject\",\"inLanguage\":\"hr\",\"@id\":\"https:\/\/luxuryvillasalt.com\/hr\/plaze\/#primaryimage\",\"url\":\"https:\/\/luxuryvillasalt.com\/wp-content\/uploads\/2024\/12\/budima-banici-beach-1024x774.png\",\"contentUrl\":\"https:\/\/luxuryvillasalt.com\/wp-content\/uploads\/2024\/12\/budima-banici-beach-1024x774.png\"},{\"@type\":\"BreadcrumbList\",\"@id\":\"https:\/\/luxuryvillasalt.com\/hr\/plaze\/#breadcrumb\",\"itemListElement\":[{\"@type\":\"ListItem\",\"position\":1,\"name\":\"Home\",\"item\":\"https:\/\/luxuryvillasalt.com\/hr\/\"},{\"@type\":\"ListItem\",\"position\":2,\"name\":\"Pla\u017ee\"}]},{\"@type\":\"WebSite\",\"@id\":\"https:\/\/luxuryvillasalt.com\/hr\/#website\",\"url\":\"https:\/\/luxuryvillasalt.com\/hr\/\",\"name\":\"Villa Luxury Salt\",\"description\":\"Dubrovnik\",\"publisher\":{\"@id\":\"https:\/\/luxuryvillasalt.com\/hr\/#organization\"},\"potentialAction\":[{\"@type\":\"SearchAction\",\"target\":{\"@type\":\"EntryPoint\",\"urlTemplate\":\"https:\/\/luxuryvillasalt.com\/hr\/?s={search_term_string}\"},\"query-input\":{\"@type\":\"PropertyValueSpecification\",\"valueRequired\":true,\"valueName\":\"search_term_string\"}}],\"inLanguage\":\"hr\"},{\"@type\":\"Organization\",\"@id\":\"https:\/\/luxuryvillasalt.com\/hr\/#organization\",\"name\":\"Villa Luxury Salt\",\"url\":\"https:\/\/luxuryvillasalt.com\/hr\/\",\"logo\":{\"@type\":\"ImageObject\",\"inLanguage\":\"hr\",\"@id\":\"https:\/\/luxuryvillasalt.com\/hr\/#\/schema\/logo\/image\/\",\"url\":\"https:\/\/luxuryvillasalt.com\/wp-content\/uploads\/2023\/03\/SALT_LOGO_PDF-1.png\",\"contentUrl\":\"https:\/\/luxuryvillasalt.com\/wp-content\/uploads\/2023\/03\/SALT_LOGO_PDF-1.png\",\"width\":1653,\"height\":968,\"caption\":\"Villa Luxury Salt\"},\"image\":{\"@id\":\"https:\/\/luxuryvillasalt.com\/hr\/#\/schema\/logo\/image\/\"},\"sameAs\":[\"https:\/\/www.instagram.com\/luxury_villa_salt_2023\/?igsh=aXl4ZWxiMjN2amdh\"]}]}<\/script>\n<!-- \/ Yoast SEO plugin. -->","yoast_head_json":{"title":"Pla\u017ee - Villa Luxury Salt","robots":{"index":"index","follow":"follow","max-snippet":"max-snippet:-1","max-image-preview":"max-image-preview:large","max-video-preview":"max-video-preview:-1"},"canonical":"https:\/\/luxuryvillasalt.com\/hr\/plaze\/","og_locale":"hr_HR","og_type":"article","og_title":"Pla\u017ee - Villa Luxury Salt","og_description":"Pla\u017ee Budima Pla\u017ea (Bani\u0107i) Grguri\u0107i Pla\u017ea ADMIRAL GRAND HOTEL Pla\u017ea Hotel Osmine Pla\u017ea Kosmatovica Pla\u017ea Banja Pla\u017ea Sla\u0111enovi\u0107i Pla\u017ea Doli Pla\u017ea","og_url":"https:\/\/luxuryvillasalt.com\/hr\/plaze\/","og_site_name":"Villa Luxury Salt","article_modified_time":"2025-02-28T08:29:01+00:00","og_image":[{"url":"https:\/\/luxuryvillasalt.com\/wp-content\/uploads\/2024\/12\/budima-banici-beach-1024x774.png","type":"","width":"","height":""}],"twitter_card":"summary_large_image","schema":{"@context":"https:\/\/schema.org","@graph":[{"@type":"WebPage","@id":"https:\/\/luxuryvillasalt.com\/hr\/plaze\/","url":"https:\/\/luxuryvillasalt.com\/hr\/plaze\/","name":"Pla\u017ee - Villa Luxury Salt","isPartOf":{"@id":"https:\/\/luxuryvillasalt.com\/hr\/#website"},"primaryImageOfPage":{"@id":"https:\/\/luxuryvillasalt.com\/hr\/plaze\/#primaryimage"},"image":{"@id":"https:\/\/luxuryvillasalt.com\/hr\/plaze\/#primaryimage"},"thumbnailUrl":"https:\/\/luxuryvillasalt.com\/wp-content\/uploads\/2024\/12\/budima-banici-beach-1024x774.png","datePublished":"2024-12-09T12:28:02+00:00","dateModified":"2025-02-28T08:29:01+00:00","breadcrumb":{"@id":"https:\/\/luxuryvillasalt.com\/hr\/plaze\/#breadcrumb"},"inLanguage":"hr","potentialAction":[{"@type":"ReadAction","target":["https:\/\/luxuryvillasalt.com\/hr\/plaze\/"]}]},{"@type":"ImageObject","inLanguage":"hr","@id":"https:\/\/luxuryvillasalt.com\/hr\/plaze\/#primaryimage","url":"https:\/\/luxuryvillasalt.com\/wp-content\/uploads\/2024\/12\/budima-banici-beach-1024x774.png","contentUrl":"https:\/\/luxuryvillasalt.com\/wp-content\/uploads\/2024\/12\/budima-banici-beach-1024x774.png"},{"@type":"BreadcrumbList","@id":"https:\/\/luxuryvillasalt.com\/hr\/plaze\/#breadcrumb","itemListElement":[{"@type":"ListItem","position":1,"name":"Home","item":"https:\/\/luxuryvillasalt.com\/hr\/"},{"@type":"ListItem","position":2,"name":"Pla\u017ee"}]},{"@type":"WebSite","@id":"https:\/\/luxuryvillasalt.com\/hr\/#website","url":"https:\/\/luxuryvillasalt.com\/hr\/","name":"Villa Luxury Salt","description":"Dubrovnik","publisher":{"@id":"https:\/\/luxuryvillasalt.com\/hr\/#organization"},"potentialAction":[{"@type":"SearchAction","target":{"@type":"EntryPoint","urlTemplate":"https:\/\/luxuryvillasalt.com\/hr\/?s={search_term_string}"},"query-input":{"@type":"PropertyValueSpecification","valueRequired":true,"valueName":"search_term_string"}}],"inLanguage":"hr"},{"@type":"Organization","@id":"https:\/\/luxuryvillasalt.com\/hr\/#organization","name":"Villa Luxury Salt","url":"https:\/\/luxuryvillasalt.com\/hr\/","logo":{"@type":"ImageObject","inLanguage":"hr","@id":"https:\/\/luxuryvillasalt.com\/hr\/#\/schema\/logo\/image\/","url":"https:\/\/luxuryvillasalt.com\/wp-content\/uploads\/2023\/03\/SALT_LOGO_PDF-1.png","contentUrl":"https:\/\/luxuryvillasalt.com\/wp-content\/uploads\/2023\/03\/SALT_LOGO_PDF-1.png","width":1653,"height":968,"caption":"Villa Luxury Salt"},"image":{"@id":"https:\/\/luxuryvillasalt.com\/hr\/#\/schema\/logo\/image\/"},"sameAs":["https:\/\/www.instagram.com\/luxury_villa_salt_2023\/?igsh=aXl4ZWxiMjN2amdh"]}]}},"_links":{"self":[{"href":"https:\/\/luxuryvillasalt.com\/hr\/wp-json\/wp\/v2\/pages\/3873","targetHints":{"allow":["GET"]}}],"collection":[{"href":"https:\/\/luxuryvillasalt.com\/hr\/wp-json\/wp\/v2\/pages"}],"about":[{"href":"https:\/\/luxuryvillasalt.com\/hr\/wp-json\/wp\/v2\/types\/page"}],"author":[{"embeddable":true,"href":"https:\/\/luxuryvillasalt.com\/hr\/wp-json\/wp\/v2\/users\/1"}],"replies":[{"embeddable":true,"href":"https:\/\/luxuryvillasalt.com\/hr\/wp-json\/wp\/v2\/comments?post=3873"}],"version-history":[{"count":1,"href":"https:\/\/luxuryvillasalt.com\/hr\/wp-json\/wp\/v2\/pages\/3873\/revisions"}],"predecessor-version":[{"id":3874,"href":"https:\/\/luxuryvillasalt.com\/hr\/wp-json\/wp\/v2\/pages\/3873\/revisions\/3874"}],"wp:attachment":[{"href":"https:\/\/luxuryvillasalt.com\/hr\/wp-json\/wp\/v2\/media?parent=3873"}],"curies":[{"name":"wp","href":"https:\/\/api.w.org\/{rel}","templated":true}]}}